{"id":29425,"date":"2023-01-06T16:16:15","date_gmt":"2023-01-06T16:16:15","guid":{"rendered":"https:\/\/cfta-old.myhello.site\/?page_id=29425"},"modified":"2023-01-11T17:21:18","modified_gmt":"2023-01-11T17:21:18","slug":"carrieres","status":"publish","type":"page","link":"https:\/\/cfta-old.myhello.site\/fr\/carrieres\/","title":{"rendered":"Carri\u00e8res"},"content":{"rendered":"<div id=\"cs-content\" class=\"cs-content\"><\/div>\n","protected":false},"excerpt":{"rendered":"<p>Carri\u00e8resLes applicants sont invit\u00e9s \u00e0 envoyer par courriel leur curriculum vit\u00e6 et une courte lettre de pr\u00e9sentation en toute confidence \u00e0 Pat Fortier, directeur g\u00e9n\u00e9ral (pfortier@its-sci.ca). N\u2019h\u00e9sitez pas \u00e0 communiquer avec le directeur g\u00e9n\u00e9ral si vous avez des questions sur l\u2019organisation ou le poste. Nous remercions toutes les personnes qui postulent. Nous ne communiquerons qu\u2019avec celles retenues pour une entrevue.\u00a0 &#8230; <\/p>\n<div><a href=\"https:\/\/cfta-old.myhello.site\/fr\/carrieres\/\" class=\"more-link\">Read More<\/a><\/div>\n","protected":false},"author":1,"featured_media":0,"parent":0,"menu_order":0,"comment_status":"closed","ping_status":"closed","template":"template-blank-4.php","meta":{"footnotes":""},"class_list":["post-29425","page","type-page","status-publish","hentry","no-post-thumbnail"],"acf":[],"yoast_head":"<!-- This site is optimized with the Yoast SEO plugin v25.3.1 - https:\/\/yoast.com\/wordpress\/plugins\/seo\/ -->\n<title>Carri\u00e8res - Canadian Free Trade Agreement | Accord de libre-\u00e9change canadien<\/title>\n<meta name=\"robots\" content=\"noindex, follow, max-snippet:-1, max-image-preview:large, max-video-preview:-1\" \/>\n<meta property=\"og:locale\" content=\"fr_FR\" \/>\n<meta property=\"og:type\" content=\"article\" \/>\n<meta property=\"og:title\" content=\"Carri\u00e8res - Canadian Free Trade Agreement | Accord de libre-\u00e9change canadien\" \/>\n<meta property=\"og:description\" content=\"Carri\u00e8resLes applicants sont invit\u00e9s \u00e0 envoyer par courriel leur curriculum vit\u00e6 et une courte lettre de pr\u00e9sentation en toute confidence \u00e0 Pat Fortier, directeur g\u00e9n\u00e9ral (pfortier@its-sci.ca). N\u2019h\u00e9sitez pas \u00e0 communiquer avec le directeur g\u00e9n\u00e9ral si vous avez des questions sur l\u2019organisation ou le poste. Nous remercions toutes les personnes qui postulent. Nous ne communiquerons qu\u2019avec celles retenues pour une entrevue.\u00a0 ... Read More\" \/>\n<meta property=\"og:url\" content=\"https:\/\/cfta-old.myhello.site\/fr\/carrieres\/\" \/>\n<meta property=\"og:site_name\" content=\"Canadian Free Trade Agreement | Accord de libre-\u00e9change canadien\" \/>\n<meta property=\"article:modified_time\" content=\"2023-01-11T17:21:18+00:00\" \/>\n<meta name=\"twitter:card\" content=\"summary_large_image\" \/>\n<script type=\"application\/ld+json\" class=\"yoast-schema-graph\">{\"@context\":\"https:\/\/schema.org\",\"@graph\":[{\"@type\":\"WebPage\",\"@id\":\"https:\/\/cfta-old.myhello.site\/fr\/carrieres\/\",\"url\":\"https:\/\/cfta-old.myhello.site\/fr\/carrieres\/\",\"name\":\"Carri\u00e8res - Canadian Free Trade Agreement | Accord de libre-\u00e9change canadien\",\"isPartOf\":{\"@id\":\"https:\/\/cfta-old.myhello.site\/#website\"},\"datePublished\":\"2023-01-06T16:16:15+00:00\",\"dateModified\":\"2023-01-11T17:21:18+00:00\",\"breadcrumb\":{\"@id\":\"https:\/\/cfta-old.myhello.site\/fr\/carrieres\/#breadcrumb\"},\"inLanguage\":\"fr-FR\",\"potentialAction\":[{\"@type\":\"ReadAction\",\"target\":[\"https:\/\/cfta-old.myhello.site\/fr\/carrieres\/\"]}]},{\"@type\":\"BreadcrumbList\",\"@id\":\"https:\/\/cfta-old.myhello.site\/fr\/carrieres\/#breadcrumb\",\"itemListElement\":[{\"@type\":\"ListItem\",\"position\":1,\"name\":\"Home\",\"item\":\"https:\/\/cfta-old.myhello.site\/fr\/\"},{\"@type\":\"ListItem\",\"position\":2,\"name\":\"Carri\u00e8res\"}]},{\"@type\":\"WebSite\",\"@id\":\"https:\/\/cfta-old.myhello.site\/#website\",\"url\":\"https:\/\/cfta-old.myhello.site\/\",\"name\":\"Canadian Free Trade Agreement | Accord de libre-\u00e9change canadien\",\"description\":\"\",\"potentialAction\":[{\"@type\":\"SearchAction\",\"target\":{\"@type\":\"EntryPoint\",\"urlTemplate\":\"https:\/\/cfta-old.myhello.site\/?s={search_term_string}\"},\"query-input\":{\"@type\":\"PropertyValueSpecification\",\"valueRequired\":true,\"valueName\":\"search_term_string\"}}],\"inLanguage\":\"fr-FR\"}]}<\/script>\n<!-- \/ Yoast SEO plugin. -->","yoast_head_json":{"title":"Carri\u00e8res - Canadian Free Trade Agreement | Accord de libre-\u00e9change canadien","robots":{"index":"noindex","follow":"follow","max-snippet":"max-snippet:-1","max-image-preview":"max-image-preview:large","max-video-preview":"max-video-preview:-1"},"og_locale":"fr_FR","og_type":"article","og_title":"Carri\u00e8res - Canadian Free Trade Agreement | Accord de libre-\u00e9change canadien","og_description":"Carri\u00e8resLes applicants sont invit\u00e9s \u00e0 envoyer par courriel leur curriculum vit\u00e6 et une courte lettre de pr\u00e9sentation en toute confidence \u00e0 Pat Fortier, directeur g\u00e9n\u00e9ral (pfortier@its-sci.ca). N\u2019h\u00e9sitez pas \u00e0 communiquer avec le directeur g\u00e9n\u00e9ral si vous avez des questions sur l\u2019organisation ou le poste. Nous remercions toutes les personnes qui postulent. Nous ne communiquerons qu\u2019avec celles retenues pour une entrevue.\u00a0 ... Read More","og_url":"https:\/\/cfta-old.myhello.site\/fr\/carrieres\/","og_site_name":"Canadian Free Trade Agreement | Accord de libre-\u00e9change canadien","article_modified_time":"2023-01-11T17:21:18+00:00","twitter_card":"summary_large_image","schema":{"@context":"https:\/\/schema.org","@graph":[{"@type":"WebPage","@id":"https:\/\/cfta-old.myhello.site\/fr\/carrieres\/","url":"https:\/\/cfta-old.myhello.site\/fr\/carrieres\/","name":"Carri\u00e8res - Canadian Free Trade Agreement | Accord de libre-\u00e9change canadien","isPartOf":{"@id":"https:\/\/cfta-old.myhello.site\/#website"},"datePublished":"2023-01-06T16:16:15+00:00","dateModified":"2023-01-11T17:21:18+00:00","breadcrumb":{"@id":"https:\/\/cfta-old.myhello.site\/fr\/carrieres\/#breadcrumb"},"inLanguage":"fr-FR","potentialAction":[{"@type":"ReadAction","target":["https:\/\/cfta-old.myhello.site\/fr\/carrieres\/"]}]},{"@type":"BreadcrumbList","@id":"https:\/\/cfta-old.myhello.site\/fr\/carrieres\/#breadcrumb","itemListElement":[{"@type":"ListItem","position":1,"name":"Home","item":"https:\/\/cfta-old.myhello.site\/fr\/"},{"@type":"ListItem","position":2,"name":"Carri\u00e8res"}]},{"@type":"WebSite","@id":"https:\/\/cfta-old.myhello.site\/#website","url":"https:\/\/cfta-old.myhello.site\/","name":"Canadian Free Trade Agreement | Accord de libre-\u00e9change canadien","description":"","potentialAction":[{"@type":"SearchAction","target":{"@type":"EntryPoint","urlTemplate":"https:\/\/cfta-old.myhello.site\/?s={search_term_string}"},"query-input":{"@type":"PropertyValueSpecification","valueRequired":true,"valueName":"search_term_string"}}],"inLanguage":"fr-FR"}]}},"_links":{"self":[{"href":"https:\/\/cfta-old.myhello.site\/fr\/wp-json\/wp\/v2\/pages\/29425\/"}],"collection":[{"href":"https:\/\/cfta-old.myhello.site\/fr\/wp-json\/wp\/v2\/pages\/"}],"about":[{"href":"https:\/\/cfta-old.myhello.site\/fr\/wp-json\/wp\/v2\/types\/page\/"}],"author":[{"embeddable":true,"href":"https:\/\/cfta-old.myhello.site\/fr\/wp-json\/wp\/v2\/users\/1\/"}],"replies":[{"embeddable":true,"href":"https:\/\/cfta-old.myhello.site\/fr\/wp-json\/wp\/v2\/comments\/?post=29425"}],"version-history":[{"count":2,"href":"https:\/\/cfta-old.myhello.site\/fr\/wp-json\/wp\/v2\/pages\/29425\/revisions\/"}],"predecessor-version":[{"id":29428,"href":"https:\/\/cfta-old.myhello.site\/fr\/wp-json\/wp\/v2\/pages\/29425\/revisions\/29428\/"}],"wp:attachment":[{"href":"https:\/\/cfta-old.myhello.site\/fr\/wp-json\/wp\/v2\/media\/?parent=29425"}],"curies":[{"name":"wp","href":"https:\/\/api.w.org\/{rel}","templated":true}]}}