{"id":31579,"date":"2023-05-04T20:27:37","date_gmt":"2023-05-04T20:27:37","guid":{"rendered":"https:\/\/cfta-old.myhello.site\/?page_id=31579"},"modified":"2023-06-09T14:56:41","modified_gmt":"2023-06-09T14:56:41","slug":"sondage-des-intervenants","status":"publish","type":"page","link":"https:\/\/cfta-old.myhello.site\/fr\/sondage-des-intervenants\/","title":{"rendered":"Sondage des intervenants"},"content":{"rendered":"<div id=\"cs-content\" class=\"cs-content\"><\/div>\n","protected":false},"excerpt":{"rendered":"<p>Le 1er\u00a0juillet\u00a02017, l\u2019Accord de libre-\u00e9change canadien (ALEC) est entr\u00e9 en vigueur. Fruit de la collaboration entre les gouvernements f\u00e9d\u00e9ral, provinciaux et territoriaux (F-P-T) du Canada, l\u2019ALEC \u00e9tablit un cadre pour la libre circulation des personnes, des produits, des services et des investissements \u00e0 l\u2019int\u00e9rieur du Canada dans le but d\u2019instaurer un march\u00e9 int\u00e9rieur ouvert, performant et stable. L\u2019ALEC couvre l\u2019ensemble &#8230; <\/p>\n<div><a href=\"https:\/\/cfta-old.myhello.site\/fr\/sondage-des-intervenants\/\" class=\"more-link\">Read More<\/a><\/div>\n","protected":false},"author":4,"featured_media":0,"parent":0,"menu_order":0,"comment_status":"closed","ping_status":"closed","template":"","meta":{"footnotes":""},"class_list":["post-31579","page","type-page","status-publish","hentry","no-post-thumbnail"],"acf":[],"yoast_head":"<!-- This site is optimized with the Yoast SEO plugin v25.3.1 - https:\/\/yoast.com\/wordpress\/plugins\/seo\/ -->\n<title>Sondage des intervenants - Canadian Free Trade Agreement | Accord de libre-\u00e9change canadien<\/title>\n<meta name=\"robots\" content=\"noindex, follow, max-snippet:-1, max-image-preview:large, max-video-preview:-1\" \/>\n<meta property=\"og:locale\" content=\"fr_FR\" \/>\n<meta property=\"og:type\" content=\"article\" \/>\n<meta property=\"og:title\" content=\"Sondage des intervenants - Canadian Free Trade Agreement | Accord de libre-\u00e9change canadien\" \/>\n<meta property=\"og:description\" content=\"Le 1er\u00a0juillet\u00a02017, l\u2019Accord de libre-\u00e9change canadien (ALEC) est entr\u00e9 en vigueur. Fruit de la collaboration entre les gouvernements f\u00e9d\u00e9ral, provinciaux et territoriaux (F-P-T) du Canada, l\u2019ALEC \u00e9tablit un cadre pour la libre circulation des personnes, des produits, des services et des investissements \u00e0 l\u2019int\u00e9rieur du Canada dans le but d\u2019instaurer un march\u00e9 int\u00e9rieur ouvert, performant et stable. L\u2019ALEC couvre l\u2019ensemble ... Read More\" \/>\n<meta property=\"og:url\" content=\"https:\/\/cfta-old.myhello.site\/fr\/sondage-des-intervenants\/\" \/>\n<meta property=\"og:site_name\" content=\"Canadian Free Trade Agreement | Accord de libre-\u00e9change canadien\" \/>\n<meta property=\"article:modified_time\" content=\"2023-06-09T14:56:41+00:00\" \/>\n<meta name=\"twitter:card\" content=\"summary_large_image\" \/>\n<meta name=\"twitter:label1\" content=\"Dur\u00e9e de lecture estim\u00e9e\" \/>\n\t<meta name=\"twitter:data1\" content=\"3 minutes\" \/>\n<script type=\"application\/ld+json\" class=\"yoast-schema-graph\">{\"@context\":\"https:\/\/schema.org\",\"@graph\":[{\"@type\":\"WebPage\",\"@id\":\"https:\/\/cfta-old.myhello.site\/fr\/sondage-des-intervenants\/\",\"url\":\"https:\/\/cfta-old.myhello.site\/fr\/sondage-des-intervenants\/\",\"name\":\"Sondage des intervenants - Canadian Free Trade Agreement | Accord de libre-\u00e9change canadien\",\"isPartOf\":{\"@id\":\"https:\/\/cfta-old.myhello.site\/#website\"},\"datePublished\":\"2023-05-04T20:27:37+00:00\",\"dateModified\":\"2023-06-09T14:56:41+00:00\",\"breadcrumb\":{\"@id\":\"https:\/\/cfta-old.myhello.site\/fr\/sondage-des-intervenants\/#breadcrumb\"},\"inLanguage\":\"fr-FR\",\"potentialAction\":[{\"@type\":\"ReadAction\",\"target\":[\"https:\/\/cfta-old.myhello.site\/fr\/sondage-des-intervenants\/\"]}]},{\"@type\":\"BreadcrumbList\",\"@id\":\"https:\/\/cfta-old.myhello.site\/fr\/sondage-des-intervenants\/#breadcrumb\",\"itemListElement\":[{\"@type\":\"ListItem\",\"position\":1,\"name\":\"Home\",\"item\":\"https:\/\/cfta-old.myhello.site\/fr\/\"},{\"@type\":\"ListItem\",\"position\":2,\"name\":\"Sondage des intervenants\"}]},{\"@type\":\"WebSite\",\"@id\":\"https:\/\/cfta-old.myhello.site\/#website\",\"url\":\"https:\/\/cfta-old.myhello.site\/\",\"name\":\"Canadian Free Trade Agreement | Accord de libre-\u00e9change canadien\",\"description\":\"\",\"potentialAction\":[{\"@type\":\"SearchAction\",\"target\":{\"@type\":\"EntryPoint\",\"urlTemplate\":\"https:\/\/cfta-old.myhello.site\/?s={search_term_string}\"},\"query-input\":{\"@type\":\"PropertyValueSpecification\",\"valueRequired\":true,\"valueName\":\"search_term_string\"}}],\"inLanguage\":\"fr-FR\"}]}<\/script>\n<!-- \/ Yoast SEO plugin. -->","yoast_head_json":{"title":"Sondage des intervenants - Canadian Free Trade Agreement | Accord de libre-\u00e9change canadien","robots":{"index":"noindex","follow":"follow","max-snippet":"max-snippet:-1","max-image-preview":"max-image-preview:large","max-video-preview":"max-video-preview:-1"},"og_locale":"fr_FR","og_type":"article","og_title":"Sondage des intervenants - Canadian Free Trade Agreement | Accord de libre-\u00e9change canadien","og_description":"Le 1er\u00a0juillet\u00a02017, l\u2019Accord de libre-\u00e9change canadien (ALEC) est entr\u00e9 en vigueur. Fruit de la collaboration entre les gouvernements f\u00e9d\u00e9ral, provinciaux et territoriaux (F-P-T) du Canada, l\u2019ALEC \u00e9tablit un cadre pour la libre circulation des personnes, des produits, des services et des investissements \u00e0 l\u2019int\u00e9rieur du Canada dans le but d\u2019instaurer un march\u00e9 int\u00e9rieur ouvert, performant et stable. L\u2019ALEC couvre l\u2019ensemble ... Read More","og_url":"https:\/\/cfta-old.myhello.site\/fr\/sondage-des-intervenants\/","og_site_name":"Canadian Free Trade Agreement | Accord de libre-\u00e9change canadien","article_modified_time":"2023-06-09T14:56:41+00:00","twitter_card":"summary_large_image","twitter_misc":{"Dur\u00e9e de lecture estim\u00e9e":"3 minutes"},"schema":{"@context":"https:\/\/schema.org","@graph":[{"@type":"WebPage","@id":"https:\/\/cfta-old.myhello.site\/fr\/sondage-des-intervenants\/","url":"https:\/\/cfta-old.myhello.site\/fr\/sondage-des-intervenants\/","name":"Sondage des intervenants - Canadian Free Trade Agreement | Accord de libre-\u00e9change canadien","isPartOf":{"@id":"https:\/\/cfta-old.myhello.site\/#website"},"datePublished":"2023-05-04T20:27:37+00:00","dateModified":"2023-06-09T14:56:41+00:00","breadcrumb":{"@id":"https:\/\/cfta-old.myhello.site\/fr\/sondage-des-intervenants\/#breadcrumb"},"inLanguage":"fr-FR","potentialAction":[{"@type":"ReadAction","target":["https:\/\/cfta-old.myhello.site\/fr\/sondage-des-intervenants\/"]}]},{"@type":"BreadcrumbList","@id":"https:\/\/cfta-old.myhello.site\/fr\/sondage-des-intervenants\/#breadcrumb","itemListElement":[{"@type":"ListItem","position":1,"name":"Home","item":"https:\/\/cfta-old.myhello.site\/fr\/"},{"@type":"ListItem","position":2,"name":"Sondage des intervenants"}]},{"@type":"WebSite","@id":"https:\/\/cfta-old.myhello.site\/#website","url":"https:\/\/cfta-old.myhello.site\/","name":"Canadian Free Trade Agreement | Accord de libre-\u00e9change canadien","description":"","potentialAction":[{"@type":"SearchAction","target":{"@type":"EntryPoint","urlTemplate":"https:\/\/cfta-old.myhello.site\/?s={search_term_string}"},"query-input":{"@type":"PropertyValueSpecification","valueRequired":true,"valueName":"search_term_string"}}],"inLanguage":"fr-FR"}]}},"_links":{"self":[{"href":"https:\/\/cfta-old.myhello.site\/fr\/wp-json\/wp\/v2\/pages\/31579\/"}],"collection":[{"href":"https:\/\/cfta-old.myhello.site\/fr\/wp-json\/wp\/v2\/pages\/"}],"about":[{"href":"https:\/\/cfta-old.myhello.site\/fr\/wp-json\/wp\/v2\/types\/page\/"}],"author":[{"embeddable":true,"href":"https:\/\/cfta-old.myhello.site\/fr\/wp-json\/wp\/v2\/users\/4\/"}],"replies":[{"embeddable":true,"href":"https:\/\/cfta-old.myhello.site\/fr\/wp-json\/wp\/v2\/comments\/?post=31579"}],"version-history":[{"count":15,"href":"https:\/\/cfta-old.myhello.site\/fr\/wp-json\/wp\/v2\/pages\/31579\/revisions\/"}],"predecessor-version":[{"id":32708,"href":"https:\/\/cfta-old.myhello.site\/fr\/wp-json\/wp\/v2\/pages\/31579\/revisions\/32708\/"}],"wp:attachment":[{"href":"https:\/\/cfta-old.myhello.site\/fr\/wp-json\/wp\/v2\/media\/?parent=31579"}],"curies":[{"name":"wp","href":"https:\/\/api.w.org\/{rel}","templated":true}]}}