{"id":871,"date":"2017-06-24T19:08:19","date_gmt":"2017-06-24T19:08:19","guid":{"rendered":"http:\/\/cfta.hello.hosting\/accueil\/"},"modified":"2023-11-21T22:22:14","modified_gmt":"2023-11-21T22:22:14","slug":"accueil","status":"publish","type":"page","link":"https:\/\/cfta-old.myhello.site\/fr\/","title":{"rendered":"Accueil"},"content":{"rendered":"<div id=\"cs-content\" class=\"cs-content\"><\/div>\n","protected":false},"excerpt":{"rendered":"<p>L\u2019Accord de libre-\u00e9change canadien est un accord intergouvernemental commercial sign\u00e9 par les ministres canadiens et qui est entr\u00e9 en vigueur le 1er juillet 2017. L\u2019Accord de libre-\u00e9change canadienL\u2019ACCORD DE LIBRE-\u00c9CHANGE CANADIEN (ALEC) Un accord intergouvernemental commercial sign\u00e9 par les ministres canadiens et qui est entr\u00e9 en vigueur le 1er juillet 2017. Son but est de favoriser un commerce interprovincial am\u00e9lior\u00e9 &#8230; <\/p>\n<div><a href=\"https:\/\/cfta-old.myhello.site\/fr\/\" class=\"more-link\">Read More<\/a><\/div>\n","protected":false},"author":1,"featured_media":0,"parent":0,"menu_order":0,"comment_status":"closed","ping_status":"closed","template":"template-blank-4.php","meta":{"footnotes":""},"class_list":["post-871","page","type-page","status-publish","hentry","no-post-thumbnail"],"acf":[],"yoast_head":"<!-- This site is optimized with the Yoast SEO plugin v25.3.1 - https:\/\/yoast.com\/wordpress\/plugins\/seo\/ -->\n<title>Accueil - Canadian Free Trade Agreement | Accord de libre-\u00e9change canadien<\/title>\n<meta name=\"robots\" content=\"noindex, follow, max-snippet:-1, max-image-preview:large, max-video-preview:-1\" \/>\n<meta property=\"og:locale\" content=\"fr_FR\" \/>\n<meta property=\"og:type\" content=\"article\" \/>\n<meta property=\"og:title\" content=\"Accueil - Canadian Free Trade Agreement | Accord de libre-\u00e9change canadien\" \/>\n<meta property=\"og:description\" content=\"L\u2019Accord de libre-\u00e9change canadien est un accord intergouvernemental commercial sign\u00e9 par les ministres canadiens et qui est entr\u00e9 en vigueur le 1er juillet 2017. L\u2019Accord de libre-\u00e9change canadienL\u2019ACCORD DE LIBRE-\u00c9CHANGE CANADIEN (ALEC) Un accord intergouvernemental commercial sign\u00e9 par les ministres canadiens et qui est entr\u00e9 en vigueur le 1er juillet 2017. Son but est de favoriser un commerce interprovincial am\u00e9lior\u00e9 ... Read More\" \/>\n<meta property=\"og:url\" content=\"https:\/\/cfta-old.myhello.site\/fr\/\" \/>\n<meta property=\"og:site_name\" content=\"Canadian Free Trade Agreement | Accord de libre-\u00e9change canadien\" \/>\n<meta property=\"article:modified_time\" content=\"2023-11-21T22:22:14+00:00\" \/>\n<meta name=\"twitter:card\" content=\"summary_large_image\" \/>\n<meta name=\"twitter:label1\" content=\"Dur\u00e9e de lecture estim\u00e9e\" \/>\n\t<meta name=\"twitter:data1\" content=\"3 minutes\" \/>\n<script type=\"application\/ld+json\" class=\"yoast-schema-graph\">{\"@context\":\"https:\/\/schema.org\",\"@graph\":[{\"@type\":\"WebPage\",\"@id\":\"https:\/\/cfta-old.myhello.site\/fr\/\",\"url\":\"https:\/\/cfta-old.myhello.site\/fr\/\",\"name\":\"Accueil - Canadian Free Trade Agreement | Accord de libre-\u00e9change canadien\",\"isPartOf\":{\"@id\":\"https:\/\/cfta-old.myhello.site\/#website\"},\"datePublished\":\"2017-06-24T19:08:19+00:00\",\"dateModified\":\"2023-11-21T22:22:14+00:00\",\"breadcrumb\":{\"@id\":\"https:\/\/cfta-old.myhello.site\/fr\/#breadcrumb\"},\"inLanguage\":\"fr-FR\",\"potentialAction\":[{\"@type\":\"ReadAction\",\"target\":[\"https:\/\/cfta-old.myhello.site\/fr\/\"]}]},{\"@type\":\"BreadcrumbList\",\"@id\":\"https:\/\/cfta-old.myhello.site\/fr\/#breadcrumb\",\"itemListElement\":[{\"@type\":\"ListItem\",\"position\":1,\"name\":\"Home\",\"item\":\"https:\/\/cfta-old.myhello.site\/fr\/\"},{\"@type\":\"ListItem\",\"position\":2,\"name\":\"Accueil\"}]},{\"@type\":\"WebSite\",\"@id\":\"https:\/\/cfta-old.myhello.site\/#website\",\"url\":\"https:\/\/cfta-old.myhello.site\/\",\"name\":\"Canadian Free Trade Agreement | Accord de libre-\u00e9change canadien\",\"description\":\"\",\"potentialAction\":[{\"@type\":\"SearchAction\",\"target\":{\"@type\":\"EntryPoint\",\"urlTemplate\":\"https:\/\/cfta-old.myhello.site\/?s={search_term_string}\"},\"query-input\":{\"@type\":\"PropertyValueSpecification\",\"valueRequired\":true,\"valueName\":\"search_term_string\"}}],\"inLanguage\":\"fr-FR\"}]}<\/script>\n<!-- \/ Yoast SEO plugin. -->","yoast_head_json":{"title":"Accueil - Canadian Free Trade Agreement | Accord de libre-\u00e9change canadien","robots":{"index":"noindex","follow":"follow","max-snippet":"max-snippet:-1","max-image-preview":"max-image-preview:large","max-video-preview":"max-video-preview:-1"},"og_locale":"fr_FR","og_type":"article","og_title":"Accueil - Canadian Free Trade Agreement | Accord de libre-\u00e9change canadien","og_description":"L\u2019Accord de libre-\u00e9change canadien est un accord intergouvernemental commercial sign\u00e9 par les ministres canadiens et qui est entr\u00e9 en vigueur le 1er juillet 2017. L\u2019Accord de libre-\u00e9change canadienL\u2019ACCORD DE LIBRE-\u00c9CHANGE CANADIEN (ALEC) Un accord intergouvernemental commercial sign\u00e9 par les ministres canadiens et qui est entr\u00e9 en vigueur le 1er juillet 2017. Son but est de favoriser un commerce interprovincial am\u00e9lior\u00e9 ... Read More","og_url":"https:\/\/cfta-old.myhello.site\/fr\/","og_site_name":"Canadian Free Trade Agreement | Accord de libre-\u00e9change canadien","article_modified_time":"2023-11-21T22:22:14+00:00","twitter_card":"summary_large_image","twitter_misc":{"Dur\u00e9e de lecture estim\u00e9e":"3 minutes"},"schema":{"@context":"https:\/\/schema.org","@graph":[{"@type":"WebPage","@id":"https:\/\/cfta-old.myhello.site\/fr\/","url":"https:\/\/cfta-old.myhello.site\/fr\/","name":"Accueil - Canadian Free Trade Agreement | Accord de libre-\u00e9change canadien","isPartOf":{"@id":"https:\/\/cfta-old.myhello.site\/#website"},"datePublished":"2017-06-24T19:08:19+00:00","dateModified":"2023-11-21T22:22:14+00:00","breadcrumb":{"@id":"https:\/\/cfta-old.myhello.site\/fr\/#breadcrumb"},"inLanguage":"fr-FR","potentialAction":[{"@type":"ReadAction","target":["https:\/\/cfta-old.myhello.site\/fr\/"]}]},{"@type":"BreadcrumbList","@id":"https:\/\/cfta-old.myhello.site\/fr\/#breadcrumb","itemListElement":[{"@type":"ListItem","position":1,"name":"Home","item":"https:\/\/cfta-old.myhello.site\/fr\/"},{"@type":"ListItem","position":2,"name":"Accueil"}]},{"@type":"WebSite","@id":"https:\/\/cfta-old.myhello.site\/#website","url":"https:\/\/cfta-old.myhello.site\/","name":"Canadian Free Trade Agreement | Accord de libre-\u00e9change canadien","description":"","potentialAction":[{"@type":"SearchAction","target":{"@type":"EntryPoint","urlTemplate":"https:\/\/cfta-old.myhello.site\/?s={search_term_string}"},"query-input":{"@type":"PropertyValueSpecification","valueRequired":true,"valueName":"search_term_string"}}],"inLanguage":"fr-FR"}]}},"_links":{"self":[{"href":"https:\/\/cfta-old.myhello.site\/fr\/wp-json\/wp\/v2\/pages\/871\/"}],"collection":[{"href":"https:\/\/cfta-old.myhello.site\/fr\/wp-json\/wp\/v2\/pages\/"}],"about":[{"href":"https:\/\/cfta-old.myhello.site\/fr\/wp-json\/wp\/v2\/types\/page\/"}],"author":[{"embeddable":true,"href":"https:\/\/cfta-old.myhello.site\/fr\/wp-json\/wp\/v2\/users\/1\/"}],"replies":[{"embeddable":true,"href":"https:\/\/cfta-old.myhello.site\/fr\/wp-json\/wp\/v2\/comments\/?post=871"}],"version-history":[{"count":28,"href":"https:\/\/cfta-old.myhello.site\/fr\/wp-json\/wp\/v2\/pages\/871\/revisions\/"}],"predecessor-version":[{"id":36568,"href":"https:\/\/cfta-old.myhello.site\/fr\/wp-json\/wp\/v2\/pages\/871\/revisions\/36568\/"}],"wp:attachment":[{"href":"https:\/\/cfta-old.myhello.site\/fr\/wp-json\/wp\/v2\/media\/?parent=871"}],"curies":[{"name":"wp","href":"https:\/\/api.w.org\/{rel}","templated":true}]}}